{"id":5952,"date":"2021-07-02T13:57:02","date_gmt":"2021-07-02T13:57:02","guid":{"rendered":"https:\/\/eclatarte.com\/?post_type=product&#038;p=5952"},"modified":"2025-10-11T23:41:22","modified_gmt":"2025-10-11T23:41:22","slug":"servilletero","status":"publish","type":"product","link":"https:\/\/eclatarte.com\/?product=servilletero","title":{"rendered":"Servilletero Marmolado Silver"},"content":{"rendered":"<p>Una Hermosa y delicada pieza que acompa\u00f1an tu mesa con mucho arte y sofisticaci\u00f3n. Este bellos Servilletero de Lujo har\u00e1 lucir tu mesa incre\u00edble y complementara\u00a0 tu set de mesa ideal.<\/p>\n<p>Cada pieza que elaboramos en nuestro taller es una pieza \u00fanica y exclusiva, debido a nuestro proceso artesanal elaborado completamente hecho a\u00a0 mano, lo que hace que\u00a0 lleves\u00a0 una pieza \u00fanica, autentica y dise\u00f1ada especialmente para ti !<\/p>\n<p>&nbsp;<\/p>\n","protected":false},"excerpt":{"rendered":"<p>\u201cUna vez efect\u00faes tu compra, nos pondremos en contacto contigo para que puedas definir cada detalle de tu pieza personalizada.\u201d<\/p>\n","protected":false},"featured_media":6512,"comment_status":"open","ping_status":"closed","template":"","meta":[],"product_brand":[],"product_cat":[90],"product_tag":[],"class_list":{"0":"post-5952","1":"product","2":"type-product","3":"status-publish","4":"has-post-thumbnail","6":"product_cat-servilleteros","8":"first","9":"instock","10":"shipping-taxable","11":"purchasable","12":"product-type-simple"},"_links":{"self":[{"href":"https:\/\/eclatarte.com\/index.php?rest_route=\/wp\/v2\/product\/5952","targetHints":{"allow":["GET"]}}],"collection":[{"href":"https:\/\/eclatarte.com\/index.php?rest_route=\/wp\/v2\/product"}],"about":[{"href":"https:\/\/eclatarte.com\/index.php?rest_route=\/wp\/v2\/types\/product"}],"replies":[{"embeddable":true,"href":"https:\/\/eclatarte.com\/index.php?rest_route=%2Fwp%2Fv2%2Fcomments&post=5952"}],"wp:featuredmedia":[{"embeddable":true,"href":"https:\/\/eclatarte.com\/index.php?rest_route=\/wp\/v2\/media\/6512"}],"wp:attachment":[{"href":"https:\/\/eclatarte.com\/index.php?rest_route=%2Fwp%2Fv2%2Fmedia&parent=5952"}],"wp:term":[{"taxonomy":"product_brand","embeddable":true,"href":"https:\/\/eclatarte.com\/index.php?rest_route=%2Fwp%2Fv2%2Fproduct_brand&post=5952"},{"taxonomy":"product_cat","embeddable":true,"href":"https:\/\/eclatarte.com\/index.php?rest_route=%2Fwp%2Fv2%2Fproduct_cat&post=5952"},{"taxonomy":"product_tag","embeddable":true,"href":"https:\/\/eclatarte.com\/index.php?rest_route=%2Fwp%2Fv2%2Fproduct_tag&post=5952"}],"curies":[{"name":"wp","href":"https:\/\/api.w.org\/{rel}","templated":true}]}}