{"id":8068,"date":"2025-10-14T02:42:49","date_gmt":"2025-10-14T02:42:49","guid":{"rendered":"https:\/\/eclatarte.com\/?post_type=product&#038;p=8068"},"modified":"2025-10-14T03:23:34","modified_gmt":"2025-10-14T03:23:34","slug":"camino-de-mesa-bruselas-luxury","status":"publish","type":"product","link":"https:\/\/eclatarte.com\/?product=camino-de-mesa-bruselas-luxury","title":{"rendered":"BRUSELAS LUXURY"},"content":{"rendered":"<p><span style=\"font-weight: 400;\">COLOR: Blanco con vetas\u00a0 doradas y<\/span><span style=\"font-weight: 400;\"> transparecias en las que se visualiza encapsulados de laminillas de oro de 24k\u00a0 y brilantes dorados con hojas naturales.<\/span><\/p>\n<p><span style=\"font-weight: 400;\">MEDIDAS:<\/span><\/p>\n<p><span style=\"font-weight: 400;\">PARA MESA DE 4 PUESTOS:\u00a0 60cm largo total x 32.\u00a0<\/span><\/p>\n<p><span style=\"font-weight: 400;\">PARA MESA DE 6 PUESTOS : 72cm largo total x 32.\u00a0<\/span><\/p>\n<p><span style=\"font-weight: 400;\">PARA MESA DE 8\u00a0 PUESTOS :72cm largo total x 32.\u00a0\u00a0<\/span><\/p>\n<p><span style=\"font-weight: 400;\">PARA MESA DE 10 PUESTOS : 96cm largo total x 32cm.\u00a0<\/span><\/p>\n<p><span style=\"font-weight: 400;\">PARA MESA DE 12 PUESTOS : 120cm largo total x 32cm.<\/span><\/p>\n<p>&nbsp;<\/p>\n<p><span style=\"font-weight: 400;\">MATERIAL:\u00a0<\/span><\/p>\n<p><span style=\"font-weight: 400;\">Resina con detalles de lujo, cristales, piedras, muranos y laminillas.<\/span><\/p>\n<p>&nbsp;<\/p>\n<p><span style=\"font-weight: 400;\">CARACTER\u00cdSTICAS:<\/span><\/p>\n<ul>\n<li style=\"font-weight: 400;\" aria-level=\"1\"><span style=\"font-weight: 400;\">Son piezas resistentes y duraderas.<\/span><\/li>\n<li style=\"font-weight: 400;\" aria-level=\"1\"><span style=\"font-weight: 400;\">toleran el calor y la humedad.<\/span><\/li>\n<\/ul>\n<p>&nbsp;<\/p>\n<p><span style=\"font-weight: 400;\">USOS Y CUIDADOS:<\/span><\/p>\n<ul>\n<li style=\"font-weight: 400;\" aria-level=\"1\"><span style=\"font-weight: 400;\">Protecci\u00f3n contra rayones; a pesar de ser muy resistentes debes proteger tus piezas en resina de objetos duros y f\u00e9lidos que puedan afectar su superficie.<\/span><\/li>\n<li style=\"font-weight: 400;\" aria-level=\"1\"><span style=\"font-weight: 400;\">limpieza suave con un pa\u00f1o de microfibra ligeramente h\u00famedo, evita el uso de productos abrasivos.<\/span><\/li>\n<li style=\"font-weight: 400;\" aria-level=\"1\"><span style=\"font-weight: 400;\">evita exponerlas al sol directo por mucho tiempo para conservar su color perfecto en el tiempo.<\/span><\/li>\n<li style=\"font-weight: 400;\" aria-level=\"1\"><span style=\"font-weight: 400;\">Almacenar en un lugar fresco a temperatura media.<\/span><\/li>\n<\/ul>\n<p><span style=\"font-weight: 400;\">Sigue estos cuidados y podr\u00e1s disfrutar de tus piezas por mucho tiempo y mantener su belleza y calidad por mucho tiempo.<\/span><\/p>\n","protected":false},"excerpt":{"rendered":"<p><span style=\"font-weight: 400;\">El camino de mesa, es una pieza de lujo que lleva en todo el contorno cristales, piedras, cuarzos, laminillas de oro y muranos.<\/span><\/p>\n<p><span style=\"font-weight: 400;\">Una pieza que se divide en tres partes\u00a0 o en cuatro partes (seg\u00fan el tama\u00f1o de la mesa),\u00a0 para facilitar su manejo. La puedes usar completa uniendo todas las partes o la puedes usar solo uniendo las dos piezas de los extremos y creas uno dise\u00f1o m\u00e1s peque\u00f1o lo que hace que esta pieza sea vers\u00e1til\u00a0 ya que puedes variar su estilo con la variaci\u00f3n del tama\u00f1o.<\/span><\/p>\n<p><span style=\"font-weight: 400;\">LLEVA TU CAMINO DE MESA EN EL TAMA\u00d1O QUE DESEES.<\/span><\/p>\n","protected":false},"featured_media":8007,"comment_status":"open","ping_status":"closed","template":"","meta":[],"product_brand":[],"product_cat":[109],"product_tag":[],"class_list":{"0":"post-8068","1":"product","2":"type-product","3":"status-publish","4":"has-post-thumbnail","6":"product_cat-luxure","8":"first","9":"instock","10":"sale","11":"shipping-taxable","12":"purchasable","13":"product-type-variable"},"_links":{"self":[{"href":"https:\/\/eclatarte.com\/index.php?rest_route=\/wp\/v2\/product\/8068","targetHints":{"allow":["GET"]}}],"collection":[{"href":"https:\/\/eclatarte.com\/index.php?rest_route=\/wp\/v2\/product"}],"about":[{"href":"https:\/\/eclatarte.com\/index.php?rest_route=\/wp\/v2\/types\/product"}],"replies":[{"embeddable":true,"href":"https:\/\/eclatarte.com\/index.php?rest_route=%2Fwp%2Fv2%2Fcomments&post=8068"}],"wp:featuredmedia":[{"embeddable":true,"href":"https:\/\/eclatarte.com\/index.php?rest_route=\/wp\/v2\/media\/8007"}],"wp:attachment":[{"href":"https:\/\/eclatarte.com\/index.php?rest_route=%2Fwp%2Fv2%2Fmedia&parent=8068"}],"wp:term":[{"taxonomy":"product_brand","embeddable":true,"href":"https:\/\/eclatarte.com\/index.php?rest_route=%2Fwp%2Fv2%2Fproduct_brand&post=8068"},{"taxonomy":"product_cat","embeddable":true,"href":"https:\/\/eclatarte.com\/index.php?rest_route=%2Fwp%2Fv2%2Fproduct_cat&post=8068"},{"taxonomy":"product_tag","embeddable":true,"href":"https:\/\/eclatarte.com\/index.php?rest_route=%2Fwp%2Fv2%2Fproduct_tag&post=8068"}],"curies":[{"name":"wp","href":"https:\/\/api.w.org\/{rel}","templated":true}]}}