{"id":8354,"date":"2025-10-16T04:55:47","date_gmt":"2025-10-16T04:55:47","guid":{"rendered":"https:\/\/eclatarte.com\/?post_type=product&#038;p=8354"},"modified":"2025-10-16T04:59:37","modified_gmt":"2025-10-16T04:59:37","slug":"set-marmol-delux","status":"publish","type":"product","link":"https:\/\/eclatarte.com\/?product=set-marmol-delux","title":{"rendered":"set Marmol Delux"},"content":{"rendered":"<div>\u00a0Detalles del producto:<\/div>\n<div>SET X 2 VELONES<\/div>\n<div><\/div>\n<div>ALTURA :<\/div>\n<div>1 velon de\u00a0 23cm y 1 velon de 14cm.<\/div>\n<div><\/div>\n<div>COLOR:\u00a0 salmon,palo de rosa, blanco efecto marmol y dorado.<\/div>\n<div>MATERIAL: cemento, parafina, incrutaciones de cristales, cuarzos y muranos con laminillas de oro 24k.<\/div>\n<div>Hechos a mano con acabados de lujo.<\/div>\n<div><\/div>\n<div>MEDIDAS;<\/div>\n<div><\/div>\n<div>PEQUE\u00d1O:\u00a0 diametro 6cm<\/div>\n<div>GRANDE: diametro 8cm<\/div>\n<div>*las alturas son las mismas para los dos tama\u00f1os, lo que varia es el grosor (diametro).<\/div>\n<div><\/div>\n<div><\/div>\n<div>\ud83d\udd25 Cada vel\u00f3n es una obra de arte, pensada para reflejar estilo, armon\u00eda y buen gusto.<\/div>\n","protected":false},"excerpt":{"rendered":"<p>Ilumina tus espacios con el lujo y la sofisticaci\u00f3n de nuestros velones decorativos Luxury, una creaci\u00f3n exclusiva de \u00c9clat Arte .<\/p>\n<p>Cada pieza est\u00e1 elaborada a mano, fusionando el contraste del materialesy alto nivel de detalle, natural de cristales\u00a0 cuarzos y muranos, que aportan un toque de energ\u00eda y distinci\u00f3n a cualquier ambiente.<\/p>\n<p>El Set incluye dos velones luxury de diferente altura<\/p>\n<p>Escoge la opcion y el tama\u00f1o que mas te guste!<\/p>\n<div>Perfectos para decorar salas, comedores, centros de mesa, oficinas,\u00a0 mesas auxilares, ba\u00f1os.<\/div>\n<div><\/div>\n<div>Ideal como regalo exclusivo .<\/div>\n","protected":false},"featured_media":8299,"comment_status":"open","ping_status":"closed","template":"","meta":[],"product_brand":[],"product_cat":[115],"product_tag":[],"class_list":{"0":"post-8354","1":"product","2":"type-product","3":"status-publish","4":"has-post-thumbnail","6":"product_cat-velonesluxury","8":"first","9":"instock","10":"sale","11":"shipping-taxable","12":"purchasable","13":"product-type-variable"},"_links":{"self":[{"href":"https:\/\/eclatarte.com\/index.php?rest_route=\/wp\/v2\/product\/8354","targetHints":{"allow":["GET"]}}],"collection":[{"href":"https:\/\/eclatarte.com\/index.php?rest_route=\/wp\/v2\/product"}],"about":[{"href":"https:\/\/eclatarte.com\/index.php?rest_route=\/wp\/v2\/types\/product"}],"replies":[{"embeddable":true,"href":"https:\/\/eclatarte.com\/index.php?rest_route=%2Fwp%2Fv2%2Fcomments&post=8354"}],"wp:featuredmedia":[{"embeddable":true,"href":"https:\/\/eclatarte.com\/index.php?rest_route=\/wp\/v2\/media\/8299"}],"wp:attachment":[{"href":"https:\/\/eclatarte.com\/index.php?rest_route=%2Fwp%2Fv2%2Fmedia&parent=8354"}],"wp:term":[{"taxonomy":"product_brand","embeddable":true,"href":"https:\/\/eclatarte.com\/index.php?rest_route=%2Fwp%2Fv2%2Fproduct_brand&post=8354"},{"taxonomy":"product_cat","embeddable":true,"href":"https:\/\/eclatarte.com\/index.php?rest_route=%2Fwp%2Fv2%2Fproduct_cat&post=8354"},{"taxonomy":"product_tag","embeddable":true,"href":"https:\/\/eclatarte.com\/index.php?rest_route=%2Fwp%2Fv2%2Fproduct_tag&post=8354"}],"curies":[{"name":"wp","href":"https:\/\/api.w.org\/{rel}","templated":true}]}}