{"id":8440,"date":"2025-10-16T06:01:34","date_gmt":"2025-10-16T06:01:34","guid":{"rendered":"https:\/\/eclatarte.com\/?post_type=product&#038;p=8440"},"modified":"2025-10-20T03:44:43","modified_gmt":"2025-10-20T03:44:43","slug":"set-arbolitos-x-3-copia","status":"publish","type":"product","link":"https:\/\/eclatarte.com\/?product=set-arbolitos-x-3-copia","title":{"rendered":"CUBIERTERO NEGRO LUX"},"content":{"rendered":"<p>COLOR: Negro u dorado con transparencia, encapsulado de laminillas de oro de 24k.<\/p>\n<p>resina.<\/p>\n<p>MEDIDA: 31 com delargo x 23cm de ancho x 6cm de alto<\/p>\n","protected":false},"excerpt":{"rendered":"<div>La organizaci\u00f3n tambi\u00e9n puede ser sin\u00f3nimo de elegancia.<\/div>\n<div>Nuestro cubiertero de lujo en resina es una pieza exclusiva, dise\u00f1ada para mantener tus cubiertos siempre ordenados con un toque de distinci\u00f3n. Elaborado artesanalmente con resina de alta calidad y detalles decorativos en cristales, cuarzos o muranos, combina funcionalidad y dise\u00f1o en perfecta armon\u00eda.<\/div>\n<div><\/div>\n<div>Ideal para complementar tus espacios de mesa o cocina con un estilo refinado, su brillo y textura hacen de cada cubiertero una pieza decorativa que resalta por su elegancia y exclusividad.<\/div>\n<div><\/div>\n<div>\u2728 Una forma sofisticada de guardar tus cubiertos y embellecer tu mesa.<\/div>\n<div>Descubre c\u00f3mo el arte en resina transforma lo cotidiano en lujo.<\/div>\n","protected":false},"featured_media":8838,"comment_status":"open","ping_status":"closed","template":"","meta":[],"product_brand":[],"product_cat":[121],"product_tag":[],"class_list":{"0":"post-8440","1":"product","2":"type-product","3":"status-publish","4":"has-post-thumbnail","6":"product_cat-cubiertero-luxury","8":"first","9":"instock","10":"shipping-taxable","11":"purchasable","12":"product-type-simple"},"_links":{"self":[{"href":"https:\/\/eclatarte.com\/index.php?rest_route=\/wp\/v2\/product\/8440","targetHints":{"allow":["GET"]}}],"collection":[{"href":"https:\/\/eclatarte.com\/index.php?rest_route=\/wp\/v2\/product"}],"about":[{"href":"https:\/\/eclatarte.com\/index.php?rest_route=\/wp\/v2\/types\/product"}],"replies":[{"embeddable":true,"href":"https:\/\/eclatarte.com\/index.php?rest_route=%2Fwp%2Fv2%2Fcomments&post=8440"}],"wp:featuredmedia":[{"embeddable":true,"href":"https:\/\/eclatarte.com\/index.php?rest_route=\/wp\/v2\/media\/8838"}],"wp:attachment":[{"href":"https:\/\/eclatarte.com\/index.php?rest_route=%2Fwp%2Fv2%2Fmedia&parent=8440"}],"wp:term":[{"taxonomy":"product_brand","embeddable":true,"href":"https:\/\/eclatarte.com\/index.php?rest_route=%2Fwp%2Fv2%2Fproduct_brand&post=8440"},{"taxonomy":"product_cat","embeddable":true,"href":"https:\/\/eclatarte.com\/index.php?rest_route=%2Fwp%2Fv2%2Fproduct_cat&post=8440"},{"taxonomy":"product_tag","embeddable":true,"href":"https:\/\/eclatarte.com\/index.php?rest_route=%2Fwp%2Fv2%2Fproduct_tag&post=8440"}],"curies":[{"name":"wp","href":"https:\/\/api.w.org\/{rel}","templated":true}]}}