{"id":8923,"date":"2025-10-20T00:00:19","date_gmt":"2025-10-20T00:00:19","guid":{"rendered":"https:\/\/eclatarte.com\/?post_type=product&#038;p=8923"},"modified":"2025-10-20T00:01:50","modified_gmt":"2025-10-20T00:01:50","slug":"base-para-portavasos","status":"publish","type":"product","link":"https:\/\/eclatarte.com\/?product=base-para-portavasos","title":{"rendered":"Base para Portavasos"},"content":{"rendered":"","protected":false},"excerpt":{"rendered":"<div>La elegancia tambi\u00e9n est\u00e1 en los peque\u00f1os detalles.<\/div>\n<div>Nuestras bases para portavasos est\u00e1n elaboradas artesanalmente , con acabados sofisticados que complementan a la perfecci\u00f3n tu set de mesa. Cada pieza est\u00e1 dise\u00f1ada para mantener tus portavasos organizados con estilo, aportando brillo, orden y armon\u00eda a tu decoraci\u00f3n.<\/div>\n<div><\/div>\n<div>Inspiradas en la exclusividad y el arte, nuestras bases pueden incluir detalles en oro, plata u oro rosa segun tu preferencia convirti\u00e9ndose en un accesorio decorativo por s\u00ed mismo.<\/div>\n<div><\/div>\n<div>\u2728 Un toque de lujo funcional que eleva la presentaci\u00f3n de tu mesa.<\/div>\n<div>Combina tu base con nuestros portavasos y crea un conjunto \u00fanico, lleno de distinci\u00f3n.<\/div>\n","protected":false},"featured_media":8910,"comment_status":"open","ping_status":"closed","template":"","meta":[],"product_brand":[],"product_cat":[120],"product_tag":[],"class_list":{"0":"post-8923","1":"product","2":"type-product","3":"status-publish","4":"has-post-thumbnail","6":"product_cat-base-para-posavasos","8":"first","9":"instock","10":"shipping-taxable","11":"purchasable","12":"product-type-variable"},"_links":{"self":[{"href":"https:\/\/eclatarte.com\/index.php?rest_route=\/wp\/v2\/product\/8923","targetHints":{"allow":["GET"]}}],"collection":[{"href":"https:\/\/eclatarte.com\/index.php?rest_route=\/wp\/v2\/product"}],"about":[{"href":"https:\/\/eclatarte.com\/index.php?rest_route=\/wp\/v2\/types\/product"}],"replies":[{"embeddable":true,"href":"https:\/\/eclatarte.com\/index.php?rest_route=%2Fwp%2Fv2%2Fcomments&post=8923"}],"wp:featuredmedia":[{"embeddable":true,"href":"https:\/\/eclatarte.com\/index.php?rest_route=\/wp\/v2\/media\/8910"}],"wp:attachment":[{"href":"https:\/\/eclatarte.com\/index.php?rest_route=%2Fwp%2Fv2%2Fmedia&parent=8923"}],"wp:term":[{"taxonomy":"product_brand","embeddable":true,"href":"https:\/\/eclatarte.com\/index.php?rest_route=%2Fwp%2Fv2%2Fproduct_brand&post=8923"},{"taxonomy":"product_cat","embeddable":true,"href":"https:\/\/eclatarte.com\/index.php?rest_route=%2Fwp%2Fv2%2Fproduct_cat&post=8923"},{"taxonomy":"product_tag","embeddable":true,"href":"https:\/\/eclatarte.com\/index.php?rest_route=%2Fwp%2Fv2%2Fproduct_tag&post=8923"}],"curies":[{"name":"wp","href":"https:\/\/api.w.org\/{rel}","templated":true}]}}