{"id":9207,"date":"2025-10-20T02:24:59","date_gmt":"2025-10-20T02:24:59","guid":{"rendered":"https:\/\/eclatarte.com\/?post_type=product&#038;p=9207"},"modified":"2025-10-20T02:26:17","modified_gmt":"2025-10-20T02:26:17","slug":"moscu-luxury-gris-2","status":"publish","type":"product","link":"https:\/\/eclatarte.com\/?product=moscu-luxury-gris-2","title":{"rendered":"MOSCU LUXURY gris"},"content":{"rendered":"<p><span style=\"font-weight: 400;\">COLOR:\u00a0 blanco, gris y dorado\u00a0<\/span><\/p>\n<p>FORMA: Circular\u00a0 irregular.<\/p>\n<p><span style=\"font-weight: 400;\">MEDIDAS:<\/span><\/p>\n<p><span style=\"font-weight: 400;\">Portavaso, 12cm.<\/span><\/p>\n<p><span style=\"font-weight: 400;\"><br \/>\n<\/span><span style=\"font-weight: 400;\">MATERIAL:\u00a0<\/span><\/p>\n<p><span style=\"font-weight: 400;\">Resina con detalles de lujo, cristales, piedras, muranos y laminillas.<\/span><\/p>\n<p>&nbsp;<\/p>\n<p><span style=\"font-weight: 400;\">CARACTER\u00cdSTICAS:<\/span><\/p>\n<ul>\n<li style=\"font-weight: 400;\" aria-level=\"1\"><span style=\"font-weight: 400;\">Son piezas resistentes y duraderas.<\/span><\/li>\n<li style=\"font-weight: 400;\" aria-level=\"1\"><span style=\"font-weight: 400;\">toleran el calor y la humedad.<\/span><\/li>\n<\/ul>\n<p>&nbsp;<\/p>\n<p><span style=\"font-weight: 400;\">USOS Y CUIDADOS:<\/span><\/p>\n<ul>\n<li style=\"font-weight: 400;\" aria-level=\"1\"><span style=\"font-weight: 400;\">Protecci\u00f3n contra rayones; a pesar de ser muy resistentes debes proteger tus piezas en resina de objetos duros y f\u00e9lidos que puedan afectar su superficie.<\/span><\/li>\n<li style=\"font-weight: 400;\" aria-level=\"1\"><span style=\"font-weight: 400;\">limpieza suave con un pa\u00f1o de microfibra ligeramente h\u00famedo, evita el uso de productos abrasivos.<\/span><\/li>\n<li style=\"font-weight: 400;\" aria-level=\"1\"><span style=\"font-weight: 400;\">evita exponerlas al sol directo por mucho tiempo para conservar su color perfecto en el tiempo.<\/span><\/li>\n<li style=\"font-weight: 400;\" aria-level=\"1\"><span style=\"font-weight: 400;\">Almacenar en un lugar fresco a temperatura media.<\/span><\/li>\n<\/ul>\n<p><span style=\"font-weight: 400;\">Sigue estos cuidados y podr\u00e1s disfrutar de tus piezas por mucho tiempo y mantener su belleza y calidad por mucho tiempo.<\/span><\/p>\n","protected":false},"excerpt":{"rendered":"<div>Cada detalle cuenta cuando se trata de una mesa verdaderamente elegante.<\/div>\n<div>Nuestros portavasos en resina son piezas \u00fanicas elaboradas artesanalmente, fusionando dise\u00f1o, brillo y exclusividad. Inspirados en la est\u00e9tica del lujo contempor\u00e1neo, incorporan delicados detalles en cristales, cuarzos y muranos, que aportan un toque distintivo y refinado a tu decoraci\u00f3n.<\/div>\n<div><\/div>\n<div>M\u00e1s que un accesorio, son una expresi\u00f3n de estilo y buen gusto. Perfectos para acompa\u00f1ar tus momentos especiales, proteger tus superficies y elevar la experiencia de cada reuni\u00f3n con un destello de elegancia.<\/div>\n<div>Son ideales para\u00a0 regalar y sorprender con un detalle unico, exclusivo y que siempre sera recordado.<\/div>\n","protected":false},"featured_media":9124,"comment_status":"open","ping_status":"closed","template":"","meta":[],"product_brand":[],"product_cat":[119],"product_tag":[],"class_list":{"0":"post-9207","1":"product","2":"type-product","3":"status-publish","4":"has-post-thumbnail","6":"product_cat-portavasos","8":"first","9":"instock","10":"shipping-taxable","11":"purchasable","12":"product-type-variable"},"_links":{"self":[{"href":"https:\/\/eclatarte.com\/index.php?rest_route=\/wp\/v2\/product\/9207","targetHints":{"allow":["GET"]}}],"collection":[{"href":"https:\/\/eclatarte.com\/index.php?rest_route=\/wp\/v2\/product"}],"about":[{"href":"https:\/\/eclatarte.com\/index.php?rest_route=\/wp\/v2\/types\/product"}],"replies":[{"embeddable":true,"href":"https:\/\/eclatarte.com\/index.php?rest_route=%2Fwp%2Fv2%2Fcomments&post=9207"}],"wp:featuredmedia":[{"embeddable":true,"href":"https:\/\/eclatarte.com\/index.php?rest_route=\/wp\/v2\/media\/9124"}],"wp:attachment":[{"href":"https:\/\/eclatarte.com\/index.php?rest_route=%2Fwp%2Fv2%2Fmedia&parent=9207"}],"wp:term":[{"taxonomy":"product_brand","embeddable":true,"href":"https:\/\/eclatarte.com\/index.php?rest_route=%2Fwp%2Fv2%2Fproduct_brand&post=9207"},{"taxonomy":"product_cat","embeddable":true,"href":"https:\/\/eclatarte.com\/index.php?rest_route=%2Fwp%2Fv2%2Fproduct_cat&post=9207"},{"taxonomy":"product_tag","embeddable":true,"href":"https:\/\/eclatarte.com\/index.php?rest_route=%2Fwp%2Fv2%2Fproduct_tag&post=9207"}],"curies":[{"name":"wp","href":"https:\/\/api.w.org\/{rel}","templated":true}]}}