{"id":9271,"date":"2025-10-20T03:25:06","date_gmt":"2025-10-20T03:25:06","guid":{"rendered":"https:\/\/eclatarte.com\/?post_type=product&#038;p=9271"},"modified":"2025-10-20T03:27:26","modified_gmt":"2025-10-20T03:27:26","slug":"set-arbolitos-x-3-blanco","status":"publish","type":"product","link":"https:\/\/eclatarte.com\/?product=set-arbolitos-x-3-blanco","title":{"rendered":"set Arbolitos x 3  blanco"},"content":{"rendered":"<div>\ud83c\udf81 Caracter\u00edsticas:<\/div>\n<div><\/div>\n<div>Elaborados 100% a mano en resina de alta calidad.<\/div>\n<div><\/div>\n<div>Detalles en cristales, cuarzos y muranos.<\/div>\n<div><\/div>\n<div>COLOR:\u00a0 blanco y\u00a0 dorado con transparencias y encapsulaos de laminillas de oro 24k.<\/div>\n<div><\/div>\n<div>ALTURA:<\/div>\n<div>Set de 3 tama\u00f1os diferentes para composici\u00f3n decorativa.<\/div>\n<div>arbol 1:\u00a0 altura 35cm<\/div>\n<div>arbol2:\u00a0 altura 30cm<\/div>\n<div>arbol 3: altura 28cm<\/div>\n<div><\/div>\n<div>Acabado brillante con bordes dorados.<\/div>\n<div><\/div>\n<div><\/div>\n<div>\ud83d\udcab Ideal para quienes buscan una decoraci\u00f3n navide\u00f1a exclusiva y de lujo.<\/div>\n","protected":false},"excerpt":{"rendered":"<div>Decora tus espacios esta Navidad con un toque de elegancia y sofisticaci\u00f3n.<\/div>\n<div>Este exclusivo set de 3 \u00e1rboles en resina combina el brillo de los cristales, cuarzos y muranos con un dise\u00f1o artesanal que refleja lujo y distinci\u00f3n.<\/div>\n<div><\/div>\n<div>Cada pieza ha sido cuidadosamente elaborada a mano,\u00a0 ideales para crear una atm\u00f3sfera c\u00e1lida, festiva y refinada en tu hogar o espacio de celebraci\u00f3n.<\/div>\n<div><\/div>\n<div>Perfectos para decorar mesas, consolas o centros de sala, estos \u00e1rboles se convierten en el detalle protagonista de una Navidad elegante, aut\u00e9ntica y con estilo.<\/div>\n","protected":false},"featured_media":9264,"comment_status":"open","ping_status":"closed","template":"","meta":[],"product_brand":[],"product_cat":[118],"product_tag":[],"class_list":{"0":"post-9271","1":"product","2":"type-product","3":"status-publish","4":"has-post-thumbnail","6":"product_cat-edicion-navidad","8":"first","9":"instock","10":"sale","11":"shipping-taxable","12":"purchasable","13":"product-type-simple"},"_links":{"self":[{"href":"https:\/\/eclatarte.com\/index.php?rest_route=\/wp\/v2\/product\/9271","targetHints":{"allow":["GET"]}}],"collection":[{"href":"https:\/\/eclatarte.com\/index.php?rest_route=\/wp\/v2\/product"}],"about":[{"href":"https:\/\/eclatarte.com\/index.php?rest_route=\/wp\/v2\/types\/product"}],"replies":[{"embeddable":true,"href":"https:\/\/eclatarte.com\/index.php?rest_route=%2Fwp%2Fv2%2Fcomments&post=9271"}],"wp:featuredmedia":[{"embeddable":true,"href":"https:\/\/eclatarte.com\/index.php?rest_route=\/wp\/v2\/media\/9264"}],"wp:attachment":[{"href":"https:\/\/eclatarte.com\/index.php?rest_route=%2Fwp%2Fv2%2Fmedia&parent=9271"}],"wp:term":[{"taxonomy":"product_brand","embeddable":true,"href":"https:\/\/eclatarte.com\/index.php?rest_route=%2Fwp%2Fv2%2Fproduct_brand&post=9271"},{"taxonomy":"product_cat","embeddable":true,"href":"https:\/\/eclatarte.com\/index.php?rest_route=%2Fwp%2Fv2%2Fproduct_cat&post=9271"},{"taxonomy":"product_tag","embeddable":true,"href":"https:\/\/eclatarte.com\/index.php?rest_route=%2Fwp%2Fv2%2Fproduct_tag&post=9271"}],"curies":[{"name":"wp","href":"https:\/\/api.w.org\/{rel}","templated":true}]}}