{"id":9366,"date":"2025-10-20T04:47:55","date_gmt":"2025-10-20T04:47:55","guid":{"rendered":"https:\/\/eclatarte.com\/?post_type=product&#038;p=9366"},"modified":"2025-10-20T04:50:31","modified_gmt":"2025-10-20T04:50:31","slug":"geoda-blanco-y-dorado","status":"publish","type":"product","link":"https:\/\/eclatarte.com\/?product=geoda-blanco-y-dorado","title":{"rendered":"Geoda blanco y Dorado"},"content":{"rendered":"<div>\u2728 Caracter\u00edsticas:<\/div>\n<div><\/div>\n<div>Hechos a mano en resina de alta calidad<\/div>\n<div><\/div>\n<div>Detalles en cristales y pigmentos met\u00e1licos<\/div>\n<div>Color :\u00a0 blanco y\u00a0 dorado<\/div>\n<div>Forma :geoda irregular<\/div>\n<div>Dise\u00f1o exclusivo de \u00c9clat Arte y Decoraci\u00f3n<\/div>\n<div><\/div>\n<div>Perfectos para complementar individuales y portavasos de la misma colecci\u00f3n<\/div>\n<div><\/div>\n<div>Producto decorativo, resistente y elegante<\/div>\n<div><\/div>\n<div><\/div>\n<div>Convierte cada mesa en una obra de arte.<\/div>\n<div>La elegancia est\u00e1 en los detalles.<\/div>\n<p>&nbsp;<\/p>\n<p>&nbsp;<\/p>\n<p>&nbsp;<\/p>\n<p>&nbsp;<\/p>\n<p>*Puedes personalizar tu set en los colores que desees.<\/p>\n","protected":false},"excerpt":{"rendered":"<div>\n<div>Decora tu mesa con el toque de elegancia que solo los anillos servilleteros en resina de \u00c9clat pueden ofrecer. Cada pieza es elaborada a mano con detalles \u00fanicos en cristales, cuarzos y muranos, combinando arte y sofisticaci\u00f3n para transformar cualquier ocasi\u00f3n en una experiencia de lujo.<\/div>\n<div><\/div>\n<div>Su dise\u00f1o exclusivo realza la presentaci\u00f3n de tu mesa, aportando brillo, estilo y distinci\u00f3n en cada detalle. Ideales para cenas especiales, celebraciones o simplemente para disfrutar el placer de una mesa perfectamente decorada.<\/div>\n<div><\/div>\n<div>\u2728 Hechos a mano en resina de alta calidad<\/div>\n<div>\ud83d\udc8e Detalles en cristales y piedras naturales<\/div>\n<div>\ud83c\udf81 Dise\u00f1os exclusivos y personalizables<\/div>\n<div><\/div>\n<div>Convierte cada comida en un momento especial con nuestros anillos servilleteros en resina de lujo, donde la elegancia se encuentra con el arte.<\/div>\n<\/div>\n<div><\/div>\n<div>*Puedes personalizar tu set en los colores que desees.<\/div>\n<div>Una vez realices tu compra nuestro equipo se pondra en contacto para definir los detalles de tu set.<\/div>\n","protected":false},"featured_media":9379,"comment_status":"open","ping_status":"closed","template":"","meta":[],"product_brand":[],"product_cat":[89],"product_tag":[],"class_list":{"0":"post-9366","1":"product","2":"type-product","3":"status-publish","4":"has-post-thumbnail","6":"product_cat-anillos-servilleteros","8":"first","9":"instock","10":"shipping-taxable","11":"purchasable","12":"product-type-variable"},"_links":{"self":[{"href":"https:\/\/eclatarte.com\/index.php?rest_route=\/wp\/v2\/product\/9366","targetHints":{"allow":["GET"]}}],"collection":[{"href":"https:\/\/eclatarte.com\/index.php?rest_route=\/wp\/v2\/product"}],"about":[{"href":"https:\/\/eclatarte.com\/index.php?rest_route=\/wp\/v2\/types\/product"}],"replies":[{"embeddable":true,"href":"https:\/\/eclatarte.com\/index.php?rest_route=%2Fwp%2Fv2%2Fcomments&post=9366"}],"wp:featuredmedia":[{"embeddable":true,"href":"https:\/\/eclatarte.com\/index.php?rest_route=\/wp\/v2\/media\/9379"}],"wp:attachment":[{"href":"https:\/\/eclatarte.com\/index.php?rest_route=%2Fwp%2Fv2%2Fmedia&parent=9366"}],"wp:term":[{"taxonomy":"product_brand","embeddable":true,"href":"https:\/\/eclatarte.com\/index.php?rest_route=%2Fwp%2Fv2%2Fproduct_brand&post=9366"},{"taxonomy":"product_cat","embeddable":true,"href":"https:\/\/eclatarte.com\/index.php?rest_route=%2Fwp%2Fv2%2Fproduct_cat&post=9366"},{"taxonomy":"product_tag","embeddable":true,"href":"https:\/\/eclatarte.com\/index.php?rest_route=%2Fwp%2Fv2%2Fproduct_tag&post=9366"}],"curies":[{"name":"wp","href":"https:\/\/api.w.org\/{rel}","templated":true}]}}