{"id":9444,"date":"2025-10-20T17:11:17","date_gmt":"2025-10-20T17:11:17","guid":{"rendered":"https:\/\/eclatarte.com\/?post_type=product&#038;p=9444"},"modified":"2026-01-12T14:56:19","modified_gmt":"2026-01-12T14:56:19","slug":"milan-geoda","status":"publish","type":"product","link":"https:\/\/eclatarte.com\/?product=milan-geoda","title":{"rendered":"MILAN GEODA"},"content":{"rendered":"<p><span style=\"font-weight: 400;\">MEDIDA:<\/span><\/p>\n<p><span style=\"font-weight: 400;\">Small: 27cm\u00a0<\/span><\/p>\n<p><span style=\"font-weight: 400;\">Mediana: 31cm <\/span><\/p>\n<p>&nbsp;<\/p>\n<p><span style=\"font-weight: 400;\">lleva a un precio especial la bandeja y sus posavasos.<\/span><\/p>\n<p><span style=\"font-weight: 400;\">Una opci\u00f3n perfecta para un regalo especial, elegante y muy exclusivo.<\/span><\/p>\n<p><span style=\"font-weight: 400;\">Nuestros productos son 100% HECHOS A MANO\u00a0 de manera artesanal, por lo que las texturas, tonalidades y colores pueden variar \u00a0 y\u00a0 una pieza NUNCA ser\u00e1 igual a otra.<\/span><\/p>\n<p><span style=\"font-weight: 400;\">\u00a0<\/span><\/p>\n<p><span style=\"font-weight: 400;\">\u00a1\u00a1Personal\u00edzalo a tu gusto!!<\/span><\/p>\n<p><span style=\"font-weight: 400;\">Tienes la posibilidad de especificarnos y personalizar cada detalle.<\/span><\/p>\n<p><span style=\"font-weight: 400;\">\u201cUna vez efect\u00faes tu compra, nuestro equipo se\u00a0 pondr\u00e1 en contacto contigo para que puedas definir cada detalle de tu pieza personalizada.\u201d<\/span><\/p>\n<p>&nbsp;<\/p>\n","protected":false},"excerpt":{"rendered":"<p><span style=\"font-weight: 400;\">Nuestras bandejas de lujo en resina son piezas \u00fanicas, dise\u00f1adas para transformar cualquier espacio con un toque de sofisticaci\u00f3n y arte. Cada una es elaborada cuidadosamente a mano, con detalles en cristales, cuarzos y muranos, que reflejan la luz y realzan la belleza de tu decoraci\u00f3n.<\/span><\/p>\n<p><span style=\"font-weight: 400;\">\u00a0<\/span><\/p>\n<p><span style=\"font-weight: 400;\">Ideales para servir, decorar o destacar tus espacios, nuestras bandejas combinan dise\u00f1o exclusivo, brillo y elegancia, convirti\u00e9ndose en el centro de atenci\u00f3n en mesas, tocadores o recibidores.\u00a0<\/span><\/p>\n<p><span style=\"font-weight: 400;\">\u00a1Son una opci\u00f3n perfecta para regalar !<\/span><\/p>\n<p>&nbsp;<\/p>\n","protected":false},"featured_media":5978,"comment_status":"open","ping_status":"closed","template":"","meta":[],"product_brand":[],"product_cat":[64,123],"product_tag":[],"class_list":{"0":"post-9444","1":"product","2":"type-product","3":"status-publish","4":"has-post-thumbnail","6":"product_cat-bandejas","7":"product_cat-para-regalar","9":"first","10":"instock","11":"shipping-taxable","12":"purchasable","13":"product-type-variable"},"_links":{"self":[{"href":"https:\/\/eclatarte.com\/index.php?rest_route=\/wp\/v2\/product\/9444","targetHints":{"allow":["GET"]}}],"collection":[{"href":"https:\/\/eclatarte.com\/index.php?rest_route=\/wp\/v2\/product"}],"about":[{"href":"https:\/\/eclatarte.com\/index.php?rest_route=\/wp\/v2\/types\/product"}],"replies":[{"embeddable":true,"href":"https:\/\/eclatarte.com\/index.php?rest_route=%2Fwp%2Fv2%2Fcomments&post=9444"}],"wp:featuredmedia":[{"embeddable":true,"href":"https:\/\/eclatarte.com\/index.php?rest_route=\/wp\/v2\/media\/5978"}],"wp:attachment":[{"href":"https:\/\/eclatarte.com\/index.php?rest_route=%2Fwp%2Fv2%2Fmedia&parent=9444"}],"wp:term":[{"taxonomy":"product_brand","embeddable":true,"href":"https:\/\/eclatarte.com\/index.php?rest_route=%2Fwp%2Fv2%2Fproduct_brand&post=9444"},{"taxonomy":"product_cat","embeddable":true,"href":"https:\/\/eclatarte.com\/index.php?rest_route=%2Fwp%2Fv2%2Fproduct_cat&post=9444"},{"taxonomy":"product_tag","embeddable":true,"href":"https:\/\/eclatarte.com\/index.php?rest_route=%2Fwp%2Fv2%2Fproduct_tag&post=9444"}],"curies":[{"name":"wp","href":"https:\/\/api.w.org\/{rel}","templated":true}]}}