{"id":9615,"date":"2025-10-21T01:36:29","date_gmt":"2025-10-21T01:36:29","guid":{"rendered":"https:\/\/eclatarte.com\/?post_type=product&#038;p=9615"},"modified":"2025-10-21T01:42:02","modified_gmt":"2025-10-21T01:42:02","slug":"cuadro-abstacto-natural-nud","status":"publish","type":"product","link":"https:\/\/eclatarte.com\/?product=cuadro-abstacto-natural-nud","title":{"rendered":"Cuadro Abstacto Natural  lux"},"content":{"rendered":"<p>Piezas de arte \u00fanicas elaboradas de manera personalizada a tu gusto; Arte personalizado, te asesoramos en cada detalle para que lleves algo realmente especial hecho a tu medida.<\/p>\n<p>Color:\u00a0 \u00a0blanco, beige, gris y dorado.<\/p>\n<ul>\n<li>no incluye marco.<\/li>\n<li>bastidor con bordes dorados.<\/li>\n<\/ul>\n<p>T\u00e9cnica : Arte fluido<\/p>\n<p>Material: Bastidor MDF y Resina Cristal ULTRA BRILLO<\/p>\n<p>Detalles : Pigmento de lujo, piedras, cristales , m\u00faranos y hojilla de oro.<\/p>\n<p>&nbsp;<\/p>\n<p>PERSONALIZALO A TU GUSTO.<\/p>\n<p>Escoge el tama\u00f1o que deseas llevar y de manera interna nos contactamos contigo para coordinar detalles de tu pieza.<\/p>\n<p>\u201cUna vez efect\u00faes tu compra, nos pondremos en contacto contigo para que puedas definir cada detalle de tu pieza personalizada.\u201d<\/p>\n<p>&nbsp;<\/p>\n","protected":false},"excerpt":{"rendered":"<div>Descubre la elegancia y el brillo de nuestros cuadros de lujo en resina, elaborados a mano con cristales naturales, cuarzos y muranos que reflejan la luz y realzan cada detalle.<\/div>\n<div>Cada dise\u00f1o es una pieza \u00fanica que combina arte, sofisticaci\u00f3n y exclusividad, perfecta para realzar la decoraci\u00f3n de tus espacios.<\/div>\n<div><\/div>\n<div>Su acabado brillante y los destellos de los cristales crean un efecto visual impactante que aporta profundidad, armon\u00eda y distinci\u00f3n a cualquier ambiente.<\/div>\n<div><\/div>\n<div>Una manera novedosa, exclusiva y muy sofisticada de darle vida a tus espacios y decorar con estilo.<\/div>\n<div>\ud83d\udc8ePuedes personalizarlo en el color que desees!<\/div>\n<div><\/div>\n<div><\/div>\n","protected":false},"featured_media":9574,"comment_status":"open","ping_status":"closed","template":"","meta":[],"product_brand":[],"product_cat":[92],"product_tag":[],"class_list":{"0":"post-9615","1":"product","2":"type-product","3":"status-publish","4":"has-post-thumbnail","6":"product_cat-cuadrosdelujo","8":"first","9":"instock","10":"shipping-taxable","11":"purchasable","12":"product-type-variable"},"_links":{"self":[{"href":"https:\/\/eclatarte.com\/index.php?rest_route=\/wp\/v2\/product\/9615","targetHints":{"allow":["GET"]}}],"collection":[{"href":"https:\/\/eclatarte.com\/index.php?rest_route=\/wp\/v2\/product"}],"about":[{"href":"https:\/\/eclatarte.com\/index.php?rest_route=\/wp\/v2\/types\/product"}],"replies":[{"embeddable":true,"href":"https:\/\/eclatarte.com\/index.php?rest_route=%2Fwp%2Fv2%2Fcomments&post=9615"}],"wp:featuredmedia":[{"embeddable":true,"href":"https:\/\/eclatarte.com\/index.php?rest_route=\/wp\/v2\/media\/9574"}],"wp:attachment":[{"href":"https:\/\/eclatarte.com\/index.php?rest_route=%2Fwp%2Fv2%2Fmedia&parent=9615"}],"wp:term":[{"taxonomy":"product_brand","embeddable":true,"href":"https:\/\/eclatarte.com\/index.php?rest_route=%2Fwp%2Fv2%2Fproduct_brand&post=9615"},{"taxonomy":"product_cat","embeddable":true,"href":"https:\/\/eclatarte.com\/index.php?rest_route=%2Fwp%2Fv2%2Fproduct_cat&post=9615"},{"taxonomy":"product_tag","embeddable":true,"href":"https:\/\/eclatarte.com\/index.php?rest_route=%2Fwp%2Fv2%2Fproduct_tag&post=9615"}],"curies":[{"name":"wp","href":"https:\/\/api.w.org\/{rel}","templated":true}]}}