{"id":9679,"date":"2025-10-21T02:55:20","date_gmt":"2025-10-21T02:55:20","guid":{"rendered":"https:\/\/eclatarte.com\/?post_type=product&#038;p=9679"},"modified":"2025-10-21T02:57:46","modified_gmt":"2025-10-21T02:57:46","slug":"reloj-marmolado","status":"publish","type":"product","link":"https:\/\/eclatarte.com\/?product=reloj-marmolado","title":{"rendered":"Reloj Marmolado"},"content":{"rendered":"<p>COLOR: blanco, gris y dorado con efecto marmolado.<\/p>\n<p>Material. Resina cristal.<\/p>\n<p>Cada pieza que elaboramos en nuestro taller es una pieza \u00fanica y exclusiva, debido a nuestro proceso artesanal elaborado completamente hecho a\u00a0mano, lo que hace que\u00a0lleves\u00a0una pieza \u00fanica, \u00a1autentica y dise\u00f1ada especialmente para ti!<\/p>\n<p>PERSONALIZALO A TU GUSTO.<\/p>\n<p>Escoge el color que desees.<\/p>\n<p>\u201cUna vez efect\u00faes tu compra, nos pondremos en contacto contigo para que puedas definir cada detalle de tu pieza personalizada<\/p>\n","protected":false},"excerpt":{"rendered":"<div>El tiempo se viste de elegancia.<\/div>\n<div>Este exclusivo reloj de pared combina el arte de la resina artesanal con la belleza natural de los cristales, cuarzos y muranos, creando una pieza \u00fanica que transforma cualquier pared en un punto de sofisticaci\u00f3n y estilo.<\/div>\n<div><\/div>\n<div>Cada detalle est\u00e1 cuidadosamente elaborado a mano, fusionando brillo, textura y armon\u00eda para reflejar el lujo en su m\u00e1xima expresi\u00f3n. Su dise\u00f1o atemporal realza salones, habitaciones o espacios de lujo con un toque art\u00edstico y contempor\u00e1neo.<\/div>\n<div><\/div>\n<div>Perfecto para regalar y deslumbrar con un detalle que siempre sera recordado en el tiempo.<\/div>\n","protected":false},"featured_media":7340,"comment_status":"open","ping_status":"closed","template":"","meta":[],"product_brand":[],"product_cat":[123,110],"product_tag":[],"class_list":{"0":"post-9679","1":"product","2":"type-product","3":"status-publish","4":"has-post-thumbnail","6":"product_cat-para-regalar","7":"product_cat-relelojluxury","9":"first","10":"instock","11":"shipping-taxable","12":"purchasable","13":"product-type-variable"},"_links":{"self":[{"href":"https:\/\/eclatarte.com\/index.php?rest_route=\/wp\/v2\/product\/9679","targetHints":{"allow":["GET"]}}],"collection":[{"href":"https:\/\/eclatarte.com\/index.php?rest_route=\/wp\/v2\/product"}],"about":[{"href":"https:\/\/eclatarte.com\/index.php?rest_route=\/wp\/v2\/types\/product"}],"replies":[{"embeddable":true,"href":"https:\/\/eclatarte.com\/index.php?rest_route=%2Fwp%2Fv2%2Fcomments&post=9679"}],"wp:featuredmedia":[{"embeddable":true,"href":"https:\/\/eclatarte.com\/index.php?rest_route=\/wp\/v2\/media\/7340"}],"wp:attachment":[{"href":"https:\/\/eclatarte.com\/index.php?rest_route=%2Fwp%2Fv2%2Fmedia&parent=9679"}],"wp:term":[{"taxonomy":"product_brand","embeddable":true,"href":"https:\/\/eclatarte.com\/index.php?rest_route=%2Fwp%2Fv2%2Fproduct_brand&post=9679"},{"taxonomy":"product_cat","embeddable":true,"href":"https:\/\/eclatarte.com\/index.php?rest_route=%2Fwp%2Fv2%2Fproduct_cat&post=9679"},{"taxonomy":"product_tag","embeddable":true,"href":"https:\/\/eclatarte.com\/index.php?rest_route=%2Fwp%2Fv2%2Fproduct_tag&post=9679"}],"curies":[{"name":"wp","href":"https:\/\/api.w.org\/{rel}","templated":true}]}}