{"id":9736,"date":"2025-10-21T03:41:37","date_gmt":"2025-10-21T03:41:37","guid":{"rendered":"https:\/\/eclatarte.com\/?post_type=product&#038;p=9736"},"modified":"2025-10-21T03:52:03","modified_gmt":"2025-10-21T03:52:03","slug":"espejo-rectangular-blanco-lux","status":"publish","type":"product","link":"https:\/\/eclatarte.com\/?product=espejo-rectangular-blanco-lux","title":{"rendered":"Espejo Rectangular Blanco lux"},"content":{"rendered":"<p>COLOR:\u00a0 blanco perla\u00a0 \u00a0y\u00a0 dorado<\/p>\n<p>Material. Espejo con Resina cristal e incrustaciones de cristales, cuarzos y muranos. laminillas de oro de 24k.<\/p>\n<div>Cada espejo Luxury \u00c9CLAT es una pieza de arte \u00fanica, elaborada a mano con resina de alta calidad, cristales, cuarzos naturales y detalles en murano, que realzan su brillo y sofisticaci\u00f3n.<\/div>\n<div><\/div>\n<div>Con un espesor de 4 mm, y una medida de 1.30m x 60cm, nuestros espejos combinan resistencia, pureza y dise\u00f1o exclusivo, convirti\u00e9ndose en el centro de atenci\u00f3n de cualquier espacio. Su reflejo n\u00edtido y su decoracion artesanal pero sofisticada a\u00f1aden un toque de lujo contempor\u00e1neo a salas, habitaciones, vestidores o entradas.<\/div>\n<p>PERSINALIZA TU ESPEJO:<\/p>\n<p>Una ves realices tu compra nos pondremos en contacto contigo para que puedas definir cada detalle de tu pieza personalizada.<\/p>\n<p>Puedes cambiar el color si deseas, nuestro equipo te contactara para dise\u00f1ar algo especial para ti.<\/p>\n","protected":false},"excerpt":{"rendered":"<div>Cada espejo Luxury \u00c9CLAT es una pieza de arte \u00fanica, elaborada a mano con resina de alta calidad, cristales, cuarzos naturales y detalles en murano, que realzan su brillo y sofisticaci\u00f3n.<\/div>\n<div><\/div>\n<div>Con un espesor de 4 mm, nuestros espejos combinan resistencia, pureza y dise\u00f1o exclusivo, convirti\u00e9ndose en el centro de atenci\u00f3n de cualquier espacio. Su reflejo n\u00edtido y su marco artesanal a\u00f1aden un toque de lujo contempor\u00e1neo a salas, habitaciones, vestidores o entradas.<\/div>\n","protected":false},"featured_media":9725,"comment_status":"open","ping_status":"closed","template":"","meta":[],"product_brand":[],"product_cat":[124],"product_tag":[],"class_list":{"0":"post-9736","1":"product","2":"type-product","3":"status-publish","4":"has-post-thumbnail","6":"product_cat-espejos-luxury","8":"first","9":"instock","10":"shipping-taxable","11":"purchasable","12":"product-type-simple"},"_links":{"self":[{"href":"https:\/\/eclatarte.com\/index.php?rest_route=\/wp\/v2\/product\/9736","targetHints":{"allow":["GET"]}}],"collection":[{"href":"https:\/\/eclatarte.com\/index.php?rest_route=\/wp\/v2\/product"}],"about":[{"href":"https:\/\/eclatarte.com\/index.php?rest_route=\/wp\/v2\/types\/product"}],"replies":[{"embeddable":true,"href":"https:\/\/eclatarte.com\/index.php?rest_route=%2Fwp%2Fv2%2Fcomments&post=9736"}],"wp:featuredmedia":[{"embeddable":true,"href":"https:\/\/eclatarte.com\/index.php?rest_route=\/wp\/v2\/media\/9725"}],"wp:attachment":[{"href":"https:\/\/eclatarte.com\/index.php?rest_route=%2Fwp%2Fv2%2Fmedia&parent=9736"}],"wp:term":[{"taxonomy":"product_brand","embeddable":true,"href":"https:\/\/eclatarte.com\/index.php?rest_route=%2Fwp%2Fv2%2Fproduct_brand&post=9736"},{"taxonomy":"product_cat","embeddable":true,"href":"https:\/\/eclatarte.com\/index.php?rest_route=%2Fwp%2Fv2%2Fproduct_cat&post=9736"},{"taxonomy":"product_tag","embeddable":true,"href":"https:\/\/eclatarte.com\/index.php?rest_route=%2Fwp%2Fv2%2Fproduct_tag&post=9736"}],"curies":[{"name":"wp","href":"https:\/\/api.w.org\/{rel}","templated":true}]}}