{"id":9758,"date":"2025-10-21T04:07:47","date_gmt":"2025-10-21T04:07:47","guid":{"rendered":"https:\/\/eclatarte.com\/?post_type=product&#038;p=9758"},"modified":"2026-03-17T11:21:34","modified_gmt":"2026-03-17T11:21:34","slug":"tabla-marina","status":"publish","type":"product","link":"https:\/\/eclatarte.com\/?product=tabla-marina","title":{"rendered":"Tabla Marina Luxury"},"content":{"rendered":"<p>Material : bambu y Resina con detalles de Lujo de cristales piedras y muranos.<\/p>\n<p>Dise\u00f1o personalizado.<\/p>\n<p>Una pieza que seguro va a brillar en tu hogar \u00a0y donde quiera que la uses. Es tanto como un elemento decorativo como funcional , \u00fasala como quieras y llena de arte y brillo tu hogar. Deslumbra a tus invitados con este toque de elegancia y sofisticaci\u00f3n. Seguro no pasar\u00e1 desapercibida.<\/p>\n<p>Nuestros productos son 100% HECHOS A MANO\u00a0 de manera artesanal, por lo que las texturas, tonalidades y colores pueden variar\u00a0\u00a0 y \u00a0una pieza NUNCA ser\u00e1 igual a otra.<\/p>\n<p>&nbsp;<\/p>\n<p>Tienes la posibilidad de especificarnos en que tonalidades los quieres y con qu\u00e9 caracter\u00edsticas para que lleven consigo piezas de arte con mucho estilo y toda tu personalidad.<\/p>\n<p>\u201cUna vez efect\u00faes tu compra, nos pondremos en contacto contigo para que puedas definir cada detalle de tu pieza personalizada.\u201d<\/p>\n","protected":false},"excerpt":{"rendered":"<div>Sirve con estilo y elegancia con nuestra Tabla Luxury, elaborada en bambu y resina con detalles de lujo alta calidad. Ideal para picadas, tablas de quesos, panes, frutas y m\u00e1s, combina funcionalidad con un dise\u00f1o sofisticado que realza cualquier ocasi\u00f3n.<\/div>\n<div><\/div>\n<div>Su textura suave y acabado refinado aportan un toque c\u00e1lido y natural a tu mesa, haciendo de cada presentaci\u00f3n una experiencia de lujo.<\/div>\n<div><\/div>\n<div>\u2728 Perfecta para quienes disfrutan compartir con elegancia y buen gusto.<\/div>\n<div><\/div>\n<div>Una opcion hermosa para regalar<\/div>\n","protected":false},"featured_media":5718,"comment_status":"open","ping_status":"closed","template":"","meta":[],"product_brand":[],"product_cat":[123,87],"product_tag":[],"class_list":{"0":"post-9758","1":"product","2":"type-product","3":"status-publish","4":"has-post-thumbnail","6":"product_cat-para-regalar","7":"product_cat-1tablas-de-quesos","9":"first","10":"instock","11":"shipping-taxable","12":"purchasable","13":"product-type-variable"},"_links":{"self":[{"href":"https:\/\/eclatarte.com\/index.php?rest_route=\/wp\/v2\/product\/9758","targetHints":{"allow":["GET"]}}],"collection":[{"href":"https:\/\/eclatarte.com\/index.php?rest_route=\/wp\/v2\/product"}],"about":[{"href":"https:\/\/eclatarte.com\/index.php?rest_route=\/wp\/v2\/types\/product"}],"replies":[{"embeddable":true,"href":"https:\/\/eclatarte.com\/index.php?rest_route=%2Fwp%2Fv2%2Fcomments&post=9758"}],"wp:featuredmedia":[{"embeddable":true,"href":"https:\/\/eclatarte.com\/index.php?rest_route=\/wp\/v2\/media\/5718"}],"wp:attachment":[{"href":"https:\/\/eclatarte.com\/index.php?rest_route=%2Fwp%2Fv2%2Fmedia&parent=9758"}],"wp:term":[{"taxonomy":"product_brand","embeddable":true,"href":"https:\/\/eclatarte.com\/index.php?rest_route=%2Fwp%2Fv2%2Fproduct_brand&post=9758"},{"taxonomy":"product_cat","embeddable":true,"href":"https:\/\/eclatarte.com\/index.php?rest_route=%2Fwp%2Fv2%2Fproduct_cat&post=9758"},{"taxonomy":"product_tag","embeddable":true,"href":"https:\/\/eclatarte.com\/index.php?rest_route=%2Fwp%2Fv2%2Fproduct_tag&post=9758"}],"curies":[{"name":"wp","href":"https:\/\/api.w.org\/{rel}","templated":true}]}}